{"id":69640,"date":"2021-11-03T12:31:54","date_gmt":"2021-11-03T11:31:54","guid":{"rendered":"https:\/\/dev.grands-crus.net\/?post_type=product&#038;p=69640"},"modified":"2025-07-27T18:57:36","modified_gmt":"2025-07-27T16:57:36","slug":"2018-chateau-lynch-moussas-5eme-cru-classe-pauillac-6x75cl","status":"publish","type":"product","link":"https:\/\/dev.grands-crus.net\/fr\/produit\/2018-chateau-lynch-moussas-5eme-cru-classe-pauillac-6x75cl\/","title":{"rendered":"2018 Chateau Lynch-Moussas 5eme Cru Classe, Pauillac (6x75cl)"},"content":{"rendered":"<p>Wine Advocate : 90\/100   |   Vinous : &#8211;   |   JSWine : 93\/100   |   Commentaire Wine Advocate : &#8220;The 2018 Lynch Moussas is deep garnet-purple colored and begins with cedary scents giving way to cassis, warm plums and raspberry coulis with hints of oolong tea, Marmite toast, saut\u00e9ed herbs and charcuterie. The full-bodied palate gives a good core of muscular fruit with firm, grainy tannins and seamless freshness, finishing long and savory.&#8221;   |   Commentaire JS Wine : Cassis m\u00fbr, m\u00fbre compot\u00e9e, clou de girofle, chocolat, graphite et notes de verveine citronn\u00e9e. Le vin est mi-cors\u00e9 \u00e0 cors\u00e9 avec des tanins fermes et serr\u00e9s. Concentr\u00e9 et poli. \u00c0 essayer \u00e0 partir de 2024.<\/p>\n","protected":false},"excerpt":{"rendered":"<p>Wine Advocate : 90\/100 | Vinous : &#8211; | JSWine : 93\/100 | Commentaire Wine Advocate : &#8220;The 2018 Lynch Moussas is deep garnet-purple colored and begins with cedary scents giving way to cassis, warm plums and raspberry coulis with hints of oolong tea, Marmite toast, saut\u00e9ed herbs and charcuterie. The full-bodied palate gives a [&hellip;]<\/p>\n","protected":false},"featured_media":161301,"comment_status":"open","ping_status":"closed","template":"","meta":{"_acf_changed":false,"_seopress_robots_primary_cat":"","_seopress_titles_title":"","_seopress_titles_desc":"","_seopress_robots_index":""},"product_brand":[],"product_cat":[8968,16,17,2845,3911],"product_tag":[],"class_list":{"0":"post-69640","1":"product","2":"type-product","3":"status-publish","4":"has-post-thumbnail","6":"product_cat-pauillac","7":"product_cat-wines","8":"product_cat-bordeaux","9":"product_cat-bordeaux-chateau-lynch-moussas","10":"product_cat-our-special-bordeaux-cellar","11":"pa_alcohol-percentage-14-5","12":"pa_bottle-size-75cl","13":"pa_classification-5eme-cru-classe","14":"pa_colour-red","15":"pa_country-france","16":"pa_designation-aop","17":"pa_pack-size-6x75cl","18":"pa_producer-chateau-fr","19":"pa_region-bordeaux","20":"pa_subregion-pauillac","21":"pa_vintage-68","23":"first","24":"instock","25":"taxable","26":"shipping-taxable","27":"purchasable","28":"product-type-simple"},"group_of_quantity":0,"min_quantity":0,"max_quantity":"","exclude_order_quantity_value_rules":"no","exclude_category_quantity_rules":"no","combine_variations":"no","acf":[],"_links":{"self":[{"href":"https:\/\/dev.grands-crus.net\/fr\/wp-json\/wp\/v2\/product\/69640","targetHints":{"allow":["GET"]}}],"collection":[{"href":"https:\/\/dev.grands-crus.net\/fr\/wp-json\/wp\/v2\/product"}],"about":[{"href":"https:\/\/dev.grands-crus.net\/fr\/wp-json\/wp\/v2\/types\/product"}],"replies":[{"embeddable":true,"href":"https:\/\/dev.grands-crus.net\/fr\/wp-json\/wp\/v2\/comments?post=69640"}],"wp:featuredmedia":[{"embeddable":true,"href":"https:\/\/dev.grands-crus.net\/fr\/wp-json\/wp\/v2\/media\/161301"}],"wp:attachment":[{"href":"https:\/\/dev.grands-crus.net\/fr\/wp-json\/wp\/v2\/media?parent=69640"}],"wp:term":[{"taxonomy":"product_brand","embeddable":true,"href":"https:\/\/dev.grands-crus.net\/fr\/wp-json\/wp\/v2\/product_brand?post=69640"},{"taxonomy":"product_cat","embeddable":true,"href":"https:\/\/dev.grands-crus.net\/fr\/wp-json\/wp\/v2\/product_cat?post=69640"},{"taxonomy":"product_tag","embeddable":true,"href":"https:\/\/dev.grands-crus.net\/fr\/wp-json\/wp\/v2\/product_tag?post=69640"}],"curies":[{"name":"wp","href":"https:\/\/api.w.org\/{rel}","templated":true}]}}